{"id":4136,"date":"2018-06-26T08:08:55","date_gmt":"2018-06-26T08:08:55","guid":{"rendered":"https:\/\/produkty.spiroflex.pl\/?page_id=4136\/"},"modified":"2018-06-26T08:08:55","modified_gmt":"2018-06-26T08:08:55","slug":"application-form","status":"publish","type":"page","link":"https:\/\/produkty.spiroflex.pl\/en\/application-form\/","title":{"rendered":"Application form"},"content":{"rendered":"<p>[vc_row css_animation=&#8221;&#8221; row_type=&#8221;row&#8221; use_row_as_full_screen_section=&#8221;no&#8221; type=&#8221;full_width&#8221; angled_section=&#8221;no&#8221; text_align=&#8221;left&#8221; background_image_as_pattern=&#8221;without_pattern&#8221;][vc_column][vc_column_text]<\/p>\n<h1 style=\"color: #424141;\">Application form<\/h1>\n<p>[\/vc_column_text][vc_empty_space height=&#8221;30px&#8221;][vc_column_text]\n<div class=\"wpcf7 no-js\" id=\"wpcf7-f4133-o1\" lang=\"pl-PL\" dir=\"ltr\" data-wpcf7-id=\"4133\">\n<div class=\"screen-reader-response\"><p role=\"status\" aria-live=\"polite\" aria-atomic=\"true\"><\/p> <ul><\/ul><\/div>\n<form action=\"\/en\/wp-json\/wp\/v2\/pages\/4136#wpcf7-f4133-o1\" method=\"post\" class=\"wpcf7-form init\" aria-label=\"Formularz kontaktowy\" enctype=\"multipart\/form-data\" novalidate=\"novalidate\" data-status=\"init\">\n<fieldset class=\"hidden-fields-container\"><input type=\"hidden\" name=\"_wpcf7\" value=\"4133\" \/><input type=\"hidden\" name=\"_wpcf7_version\" value=\"6.1.3\" \/><input type=\"hidden\" name=\"_wpcf7_locale\" value=\"pl_PL\" \/><input type=\"hidden\" name=\"_wpcf7_unit_tag\" value=\"wpcf7-f4133-o1\" \/><input type=\"hidden\" name=\"_wpcf7_container_post\" value=\"0\" \/><input type=\"hidden\" name=\"_wpcf7_posted_data_hash\" value=\"\" \/>\n<\/fieldset>\n<div class=\"wpcf7-turnstile cf-turnstile\" data-sitekey=\"0x4AAAAAACXkvTsUEUGUCh6T\" data-response-field-name=\"_wpcf7_turnstile_response\"><\/div>\n\n<p><label class='form-title-container'><\/label>\n<\/p>\n<h2>Your contact data\n<\/h2>\n<div class='name-form-container'>\n\t<p><label>First name*<\/label><span class=\"wpcf7-form-control-wrap\" data-name=\"your-name\"><input size=\"40\" maxlength=\"400\" class=\"wpcf7-form-control wpcf7-text wpcf7-validates-as-required\" aria-required=\"true\" aria-invalid=\"false\" placeholder=\"First name\" value=\"\" type=\"text\" name=\"your-name\" \/><\/span>\n\t<\/p>\n<\/div>\n<div class='surname-form-container'>\n\t<p><label>Last Name*<\/label><span class=\"wpcf7-form-control-wrap\" data-name=\"your-surname\"><input size=\"40\" maxlength=\"400\" class=\"wpcf7-form-control wpcf7-text wpcf7-validates-as-required\" aria-required=\"true\" aria-invalid=\"false\" placeholder=\"Last name*\" value=\"\" type=\"text\" name=\"your-surname\" \/><\/span>\n\t<\/p>\n<\/div>\n<div class='email-form-container'>\n\t<p><label>E-mail*<\/label><span class=\"wpcf7-form-control-wrap\" data-name=\"your-email\"><input size=\"40\" maxlength=\"400\" class=\"wpcf7-form-control wpcf7-email wpcf7-validates-as-required wpcf7-text wpcf7-validates-as-email\" aria-required=\"true\" aria-invalid=\"false\" placeholder=\"E-mail*\" value=\"\" type=\"email\" name=\"your-email\" \/><\/span>\n\t<\/p>\n<\/div>\n<div class='number-form-container'>\n\t<p><label>Phone*<\/label><span class=\"wpcf7-form-control-wrap\" data-name=\"tel-652\"><input size=\"40\" maxlength=\"400\" class=\"wpcf7-form-control wpcf7-tel wpcf7-validates-as-required wpcf7-text wpcf7-validates-as-tel\" aria-required=\"true\" aria-invalid=\"false\" placeholder=\"Phone\" value=\"\" type=\"tel\" name=\"tel-652\" \/><\/span>\n\t<\/p>\n<\/div>\n<p><label class='form-title-container'><\/label>\n<\/p>\n<h2>Attachments\n<\/h2>\n<p>Please attach your cover letter and CV. You can only upload documents in a .pdf format.\n<\/p>\n<p><span class=\"wpcf7-form-control-wrap\" data-name=\"file-413\"><input size=\"40\" class=\"wpcf7-form-control wpcf7-file\" id=\"own_input_en\" accept=\".pdf\" aria-invalid=\"false\" type=\"file\" name=\"file-413\" \/><\/span>\n<\/p>\n<p><label class='form-title-container'><\/label>\n<\/p>\n<h2>Data privacy\n<\/h2>\n<p>We endeavour to ensure that the data you submit to us remains confidential and is used only for the purpose stated in the data privacy statement.\n<\/p>\n<div>\n\t<p><span class=\"wpcf7-form-control-wrap\" data-name=\"acceptance-307\"><span class=\"wpcf7-form-control wpcf7-acceptance\"><span class=\"wpcf7-list-item\"><input type=\"checkbox\" name=\"acceptance-307\" value=\"1\" id=\"form_1\" aria-invalid=\"false\" \/><\/span><\/span><\/span><label for='form_1'> I have read the information about <a href='http:\/\/uslugi.spiroflex.pl\/wp-content\/uploads\/2018\/06\/Informacja-dotycz\u0105ca-dokument\u00f3w-aplikacyjnych.pdf'>dokument\u00f3w aplikacyjnych<\/a> and accept the content. *<\/label>\n\t<\/p>\n<\/div>\n<div>\n\t<p><span class=\"wpcf7-form-control-wrap\" data-name=\"acceptance-307\"><span class=\"wpcf7-form-control wpcf7-acceptance\"><span class=\"wpcf7-list-item\"><input type=\"checkbox\" name=\"acceptance-307\" value=\"1\" id=\"form_2\" aria-invalid=\"false\" \/><\/span><\/span><\/span><label for='form_2'> Yes, I have read the data <a href=\"https:\/\/produkty.spiroflex.pl\/wp-content\/uploads\/2018\/06\/Polityka-prywatno\u015bci-klauzula-informacyjna.pdf\" target=\"_blank\">privacy statement<\/a> and accept the content. *<\/label>\n\t<\/p>\n<\/div>\n<div>\n\t<p><span class=\"wpcf7-form-control-wrap\" data-name=\"acceptance-307\"><span class=\"wpcf7-form-control wpcf7-acceptance\"><span class=\"wpcf7-list-item\"><input type=\"checkbox\" name=\"acceptance-307\" value=\"1\" id=\"form_3\" aria-invalid=\"false\" \/><\/span><\/span><\/span><label for='form_3'> Yes, my application may be stored and passed internally beyond the application process in order to be contacted in case of similar vacancies.*<\/label>\n\t<\/p>\n<\/div>\n<p>* These fields are required.\n<\/p>\n<p><input class=\"wpcf7-form-control wpcf7-submit has-spinner\" type=\"submit\" value=\"Send\" \/>\n<\/p><div class=\"wpcf7-response-output\" aria-hidden=\"true\"><\/div>\n<\/form>\n<\/div>\n[\/vc_column_text][\/vc_column][\/vc_row]<\/p>\n","protected":false},"excerpt":{"rendered":"<p>[vc_row css_animation=&#8221;&#8221; row_type=&#8221;row&#8221; use_row_as_full_screen_section=&#8221;no&#8221; type=&#8221;full_width&#8221; angled_section=&#8221;no&#8221; text_align=&#8221;left&#8221; background_image_as_pattern=&#8221;without_pattern&#8221;][vc_column][vc_column_text] Application form [\/vc_column_text][vc_empty_space height=&#8221;30px&#8221;][vc_column_text][\/vc_column_text][\/vc_column][\/vc_row]<\/p>\n","protected":false},"author":1,"featured_media":0,"parent":0,"menu_order":0,"comment_status":"closed","ping_status":"closed","template":"","meta":{"inline_featured_image":false,"footnotes":""},"class_list":["post-4136","page","type-page","status-publish","hentry"],"yoast_head":"<!-- This site is optimized with the Yoast SEO plugin v25.9 - https:\/\/yoast.com\/wordpress\/plugins\/seo\/ -->\n<title>Application form - Spiroflex<\/title>\n<meta name=\"robots\" content=\"index, follow, max-snippet:-1, max-image-preview:large, max-video-preview:-1\" \/>\n<link rel=\"canonical\" href=\"https:\/\/produkty.spiroflex.pl\/formularz-aplikacyjny\/\" \/>\n<meta property=\"og:locale\" content=\"en_US\" \/>\n<meta property=\"og:type\" content=\"article\" \/>\n<meta property=\"og:title\" content=\"Application form - Spiroflex\" \/>\n<meta property=\"og:description\" content=\"[vc_row css_animation=&#8221;&#8221; row_type=&#8221;row&#8221; use_row_as_full_screen_section=&#8221;no&#8221; type=&#8221;full_width&#8221; angled_section=&#8221;no&#8221; text_align=&#8221;left&#8221; background_image_as_pattern=&#8221;without_pattern&#8221;][vc_column][vc_column_text] Application form [\/vc_column_text][vc_empty_space height=&#8221;30px&#8221;][vc_column_text][\/vc_column_text][\/vc_column][\/vc_row]\" \/>\n<meta property=\"og:url\" content=\"https:\/\/produkty.spiroflex.pl\/formularz-aplikacyjny\/\" \/>\n<meta property=\"og:site_name\" content=\"Spiroflex\" \/>\n<meta property=\"article:publisher\" content=\"https:\/\/www.facebook.com\/profile.php?id=100057565594401\" \/>\n<meta name=\"twitter:card\" content=\"summary_large_image\" \/>\n<script type=\"application\/ld+json\" class=\"yoast-schema-graph\">{\"@context\":\"https:\/\/schema.org\",\"@graph\":[{\"@type\":\"WebPage\",\"@id\":\"https:\/\/produkty.spiroflex.pl\/formularz-aplikacyjny\/\",\"url\":\"https:\/\/produkty.spiroflex.pl\/formularz-aplikacyjny\/\",\"name\":\"Application form - Spiroflex\",\"isPartOf\":{\"@id\":\"https:\/\/produkty.spiroflex.pl\/#website\"},\"datePublished\":\"2018-06-26T08:08:55+00:00\",\"breadcrumb\":{\"@id\":\"https:\/\/produkty.spiroflex.pl\/formularz-aplikacyjny\/#breadcrumb\"},\"inLanguage\":\"en-US\",\"potentialAction\":[{\"@type\":\"ReadAction\",\"target\":[\"https:\/\/produkty.spiroflex.pl\/formularz-aplikacyjny\/\"]}]},{\"@type\":\"BreadcrumbList\",\"@id\":\"https:\/\/produkty.spiroflex.pl\/formularz-aplikacyjny\/#breadcrumb\",\"itemListElement\":[{\"@type\":\"ListItem\",\"position\":1,\"name\":\"Strona g\u0142\u00f3wna\",\"item\":\"https:\/\/produkty.spiroflex.pl\/en\/\"},{\"@type\":\"ListItem\",\"position\":2,\"name\":\"Application form\"}]},{\"@type\":\"WebSite\",\"@id\":\"https:\/\/produkty.spiroflex.pl\/#website\",\"url\":\"https:\/\/produkty.spiroflex.pl\/\",\"name\":\"Spiroflex\",\"description\":\"Systemy rekuperacji, systemy kominowe, odwodnienia prysznicowe\",\"publisher\":{\"@id\":\"https:\/\/produkty.spiroflex.pl\/#organization\"},\"potentialAction\":[{\"@type\":\"SearchAction\",\"target\":{\"@type\":\"EntryPoint\",\"urlTemplate\":\"https:\/\/produkty.spiroflex.pl\/?s={search_term_string}\"},\"query-input\":{\"@type\":\"PropertyValueSpecification\",\"valueRequired\":true,\"valueName\":\"search_term_string\"}}],\"inLanguage\":\"en-US\"},{\"@type\":\"Organization\",\"@id\":\"https:\/\/produkty.spiroflex.pl\/#organization\",\"name\":\"Spiroflex Sp. z o.o.\",\"url\":\"https:\/\/produkty.spiroflex.pl\/\",\"logo\":{\"@type\":\"ImageObject\",\"inLanguage\":\"en-US\",\"@id\":\"https:\/\/produkty.spiroflex.pl\/#\/schema\/logo\/image\/\",\"url\":\"https:\/\/produkty.spiroflex.pl\/wp-content\/uploads\/2024\/04\/logo_300dpi.png\",\"contentUrl\":\"https:\/\/produkty.spiroflex.pl\/wp-content\/uploads\/2024\/04\/logo_300dpi.png\",\"width\":5551,\"height\":1436,\"caption\":\"Spiroflex Sp. z o.o.\"},\"image\":{\"@id\":\"https:\/\/produkty.spiroflex.pl\/#\/schema\/logo\/image\/\"},\"sameAs\":[\"https:\/\/www.facebook.com\/profile.php?id=100057565594401\",\"https:\/\/www.instagram.com\/instalacje_dladomu\/\",\"https:\/\/www.linkedin.com\/company\/71853123\/\"]}]}<\/script>\n<!-- \/ Yoast SEO plugin. -->","yoast_head_json":{"title":"Application form - Spiroflex","robots":{"index":"index","follow":"follow","max-snippet":"max-snippet:-1","max-image-preview":"max-image-preview:large","max-video-preview":"max-video-preview:-1"},"canonical":"https:\/\/produkty.spiroflex.pl\/formularz-aplikacyjny\/","og_locale":"en_US","og_type":"article","og_title":"Application form - Spiroflex","og_description":"[vc_row css_animation=&#8221;&#8221; row_type=&#8221;row&#8221; use_row_as_full_screen_section=&#8221;no&#8221; type=&#8221;full_width&#8221; angled_section=&#8221;no&#8221; text_align=&#8221;left&#8221; background_image_as_pattern=&#8221;without_pattern&#8221;][vc_column][vc_column_text] Application form [\/vc_column_text][vc_empty_space height=&#8221;30px&#8221;][vc_column_text][\/vc_column_text][\/vc_column][\/vc_row]","og_url":"https:\/\/produkty.spiroflex.pl\/formularz-aplikacyjny\/","og_site_name":"Spiroflex","article_publisher":"https:\/\/www.facebook.com\/profile.php?id=100057565594401","twitter_card":"summary_large_image","schema":{"@context":"https:\/\/schema.org","@graph":[{"@type":"WebPage","@id":"https:\/\/produkty.spiroflex.pl\/formularz-aplikacyjny\/","url":"https:\/\/produkty.spiroflex.pl\/formularz-aplikacyjny\/","name":"Application form - Spiroflex","isPartOf":{"@id":"https:\/\/produkty.spiroflex.pl\/#website"},"datePublished":"2018-06-26T08:08:55+00:00","breadcrumb":{"@id":"https:\/\/produkty.spiroflex.pl\/formularz-aplikacyjny\/#breadcrumb"},"inLanguage":"en-US","potentialAction":[{"@type":"ReadAction","target":["https:\/\/produkty.spiroflex.pl\/formularz-aplikacyjny\/"]}]},{"@type":"BreadcrumbList","@id":"https:\/\/produkty.spiroflex.pl\/formularz-aplikacyjny\/#breadcrumb","itemListElement":[{"@type":"ListItem","position":1,"name":"Strona g\u0142\u00f3wna","item":"https:\/\/produkty.spiroflex.pl\/en\/"},{"@type":"ListItem","position":2,"name":"Application form"}]},{"@type":"WebSite","@id":"https:\/\/produkty.spiroflex.pl\/#website","url":"https:\/\/produkty.spiroflex.pl\/","name":"Spiroflex","description":"Systemy rekuperacji, systemy kominowe, odwodnienia prysznicowe","publisher":{"@id":"https:\/\/produkty.spiroflex.pl\/#organization"},"potentialAction":[{"@type":"SearchAction","target":{"@type":"EntryPoint","urlTemplate":"https:\/\/produkty.spiroflex.pl\/?s={search_term_string}"},"query-input":{"@type":"PropertyValueSpecification","valueRequired":true,"valueName":"search_term_string"}}],"inLanguage":"en-US"},{"@type":"Organization","@id":"https:\/\/produkty.spiroflex.pl\/#organization","name":"Spiroflex Sp. z o.o.","url":"https:\/\/produkty.spiroflex.pl\/","logo":{"@type":"ImageObject","inLanguage":"en-US","@id":"https:\/\/produkty.spiroflex.pl\/#\/schema\/logo\/image\/","url":"https:\/\/produkty.spiroflex.pl\/wp-content\/uploads\/2024\/04\/logo_300dpi.png","contentUrl":"https:\/\/produkty.spiroflex.pl\/wp-content\/uploads\/2024\/04\/logo_300dpi.png","width":5551,"height":1436,"caption":"Spiroflex Sp. z o.o."},"image":{"@id":"https:\/\/produkty.spiroflex.pl\/#\/schema\/logo\/image\/"},"sameAs":["https:\/\/www.facebook.com\/profile.php?id=100057565594401","https:\/\/www.instagram.com\/instalacje_dladomu\/","https:\/\/www.linkedin.com\/company\/71853123\/"]}]}},"_links":{"self":[{"href":"https:\/\/produkty.spiroflex.pl\/en\/wp-json\/wp\/v2\/pages\/4136","targetHints":{"allow":["GET"]}}],"collection":[{"href":"https:\/\/produkty.spiroflex.pl\/en\/wp-json\/wp\/v2\/pages"}],"about":[{"href":"https:\/\/produkty.spiroflex.pl\/en\/wp-json\/wp\/v2\/types\/page"}],"author":[{"embeddable":true,"href":"https:\/\/produkty.spiroflex.pl\/en\/wp-json\/wp\/v2\/users\/1"}],"replies":[{"embeddable":true,"href":"https:\/\/produkty.spiroflex.pl\/en\/wp-json\/wp\/v2\/comments?post=4136"}],"version-history":[{"count":0,"href":"https:\/\/produkty.spiroflex.pl\/en\/wp-json\/wp\/v2\/pages\/4136\/revisions"}],"wp:attachment":[{"href":"https:\/\/produkty.spiroflex.pl\/en\/wp-json\/wp\/v2\/media?parent=4136"}],"curies":[{"name":"wp","href":"https:\/\/api.w.org\/{rel}","templated":true}]}}