{"id":3339,"date":"2017-08-08T09:06:36","date_gmt":"2017-08-08T09:06:36","guid":{"rendered":"https:\/\/produkty.spiroflex.pl\/kontakt-dzial-techniczny\/"},"modified":"2017-09-07T16:40:56","modified_gmt":"2017-09-07T16:40:56","slug":"contact-technical-department","status":"publish","type":"page","link":"https:\/\/produkty.spiroflex.pl\/en\/contact-technical-department\/","title":{"rendered":"Contact technical department"},"content":{"rendered":"<p>[vc_row css_animation=&#8221;&#8221; row_type=&#8221;row&#8221; use_row_as_full_screen_section=&#8221;no&#8221; type=&#8221;full_width&#8221; angled_section=&#8221;no&#8221; text_align=&#8221;left&#8221; background_image_as_pattern=&#8221;without_pattern&#8221; css=&#8221;.vc_custom_1502188172105{background-color: #f6f6f6 !important;}&#8221;][vc_column][vc_empty_space height=&#8221;30px&#8221;][\/vc_column][\/vc_row][vc_row css_animation=&#8221;&#8221; row_type=&#8221;row&#8221; use_row_as_full_screen_section=&#8221;no&#8221; type=&#8221;grid&#8221; angled_section=&#8221;no&#8221; text_align=&#8221;left&#8221; background_image_as_pattern=&#8221;without_pattern&#8221; css=&#8221;.vc_custom_1502188166257{background-color: #f6f6f6 !important;}&#8221;][vc_column width=&#8221;1\/4&#8243;][vc_empty_space height=&#8221;100px&#8221; css=&#8221;.vc_custom_1502451884992{background-color: #f6f6f6 !important;}&#8221;][vc_row_inner row_type=&#8221;row&#8221; type=&#8221;full_width&#8221; text_align=&#8221;left&#8221; css_animation=&#8221;&#8221; css=&#8221;.vc_custom_1502450670013{padding-top: 40px !important;background-color: #ffffff !important;}&#8221;][vc_column_inner][vc_widget_sidebar sidebar_id=&#8221;Menu kontakt2&#8243;][\/vc_column_inner][\/vc_row_inner][vc_empty_space height=&#8221;40px&#8221; css=&#8221;.vc_custom_1502452549500{background-color: #f6f6f6 !important;}&#8221;][\/vc_column][vc_column width=&#8221;3\/4&#8243;][vc_column_text]<\/p>\n<h1 style=\"text-align: center;\">Technical department<\/h1>\n<p>[\/vc_column_text][vc_separator type=&#8221;small&#8221; position=&#8221;center&#8221; color=&#8221;#000000&#8243; thickness=&#8221;1&#8243;][vc_empty_space height=&#8221;30px&#8221;][vc_row_inner row_type=&#8221;row&#8221; type=&#8221;full_width&#8221; text_align=&#8221;left&#8221; css_animation=&#8221;&#8221;][vc_column_inner width=&#8221;1\/2&#8243;][vc_column_text]<span style=\"color: #000000;\"><strong>Technical department:<\/strong><\/span><br \/>\n<span style=\"color: #000000;\"><a style=\"color: #000000;\" href=\"tel:+48177884258\">tel. +48\u00a017\u00a0788 42 58<\/a><\/span><br \/>\n<span style=\"color: #000000;\"><a style=\"color: #000000;\" href=\"tel:+48177881771\">tel. +48 17 788 17 71<\/a><\/span><br \/>\n<span style=\"color: #000000;\"><a style=\"padding-bottom: 17px; color: #000000;\" href=\"mailto:biuro@spiroflex.pl\">e-mail: biuro@spiroflex.pl<\/a><\/span>[\/vc_column_text][\/vc_column_inner][vc_column_inner width=&#8221;1\/2&#8243;][vc_single_image image=&#8221;2194&#8243; img_size=&#8221;full&#8221; alignment=&#8221;center&#8221; qode_css_animation=&#8221;&#8221;][\/vc_column_inner][\/vc_row_inner][vc_empty_space height=&#8221;30px&#8221;][vc_empty_space height=&#8221;45px&#8221;][\/vc_column][\/vc_row][vc_row css_animation=&#8221;&#8221; row_type=&#8221;row&#8221; use_row_as_full_screen_section=&#8221;no&#8221; type=&#8221;full_width&#8221; angled_section=&#8221;no&#8221; text_align=&#8221;left&#8221; background_image_as_pattern=&#8221;without_pattern&#8221; css=&#8221;.vc_custom_1499942567942{padding-right: 50px !important;padding-left: 50px !important;background-color: #d1d1d1 !important;}&#8221;][vc_column width=&#8221;1\/12&#8243;][\/vc_column][vc_column width=&#8221;5\/6&#8243;][vc_empty_space height=&#8221;30px&#8221;][vc_column_text]<\/p>\n<h1 style=\"text-align: center;\">Contact Form<\/h1>\n<p>[\/vc_column_text][vc_separator type=&#8221;small&#8221; position=&#8221;center&#8221; color=&#8221;#000000&#8243; thickness=&#8221;1&#8243;][vc_empty_space height=&#8221;15px&#8221;][vc_column_text el_id=&#8221;button-form-effect&#8221;]\n<div class=\"wpcf7 no-js\" id=\"wpcf7-f3235-o1\" lang=\"pl-PL\" dir=\"ltr\" data-wpcf7-id=\"3235\">\n<div class=\"screen-reader-response\"><p role=\"status\" aria-live=\"polite\" aria-atomic=\"true\"><\/p> <ul><\/ul><\/div>\n<form action=\"\/en\/wp-json\/wp\/v2\/pages\/3339#wpcf7-f3235-o1\" method=\"post\" class=\"wpcf7-form init\" aria-label=\"Formularz kontaktowy\" novalidate=\"novalidate\" data-status=\"init\">\n<fieldset class=\"hidden-fields-container\"><input type=\"hidden\" name=\"_wpcf7\" value=\"3235\" \/><input type=\"hidden\" name=\"_wpcf7_version\" value=\"6.1.3\" \/><input type=\"hidden\" name=\"_wpcf7_locale\" value=\"pl_PL\" \/><input type=\"hidden\" name=\"_wpcf7_unit_tag\" value=\"wpcf7-f3235-o1\" \/><input type=\"hidden\" name=\"_wpcf7_container_post\" value=\"0\" \/><input type=\"hidden\" name=\"_wpcf7_posted_data_hash\" value=\"\" \/>\n<\/fieldset>\n<div class=\"wpcf7-turnstile cf-turnstile\" data-sitekey=\"0x4AAAAAACXkvTsUEUGUCh6T\" data-response-field-name=\"_wpcf7_turnstile_response\"><\/div>\n\n<p><span class=\"wpcf7-form-control-wrap\" data-name=\"your-name\"><input size=\"40\" maxlength=\"400\" class=\"wpcf7-form-control wpcf7-text wpcf7-validates-as-required\" id=\"pole-2\" aria-required=\"true\" aria-invalid=\"false\" placeholder=\"Name and Surname*\" value=\"\" type=\"text\" name=\"your-name\" \/><\/span>\n<\/p>\n<p><span class=\"wpcf7-form-control-wrap\" data-name=\"your-email\"><input size=\"40\" maxlength=\"400\" class=\"wpcf7-form-control wpcf7-email wpcf7-validates-as-required wpcf7-text wpcf7-validates-as-email\" id=\"pole-1\" aria-required=\"true\" aria-invalid=\"false\" placeholder=\"E-mail*\" value=\"\" type=\"email\" name=\"your-email\" \/><\/span>\n<\/p>\n<p><span class=\"wpcf7-form-control-wrap\" data-name=\"tel-652\"><input size=\"40\" maxlength=\"400\" class=\"wpcf7-form-control wpcf7-tel wpcf7-text wpcf7-validates-as-tel\" id=\"pole-3\" aria-invalid=\"false\" placeholder=\"Phone number\" value=\"\" type=\"tel\" name=\"tel-652\" \/><\/span>\n<\/p>\n<div class=\"czysto\">\n<\/div>\n<p><span class=\"wpcf7-form-control-wrap\" data-name=\"your-subject\"><input size=\"40\" maxlength=\"400\" class=\"wpcf7-form-control wpcf7-text wpcf7-validates-as-required\" id=\"temat-kont\" aria-required=\"true\" aria-invalid=\"false\" placeholder=\"Subject*\" value=\"\" type=\"text\" name=\"your-subject\" \/><\/span>\n<\/p>\n<p><span class=\"wpcf7-form-control-wrap\" data-name=\"your-message\"><textarea cols=\"40\" rows=\"10\" maxlength=\"2000\" class=\"wpcf7-form-control wpcf7-textarea wpcf7-validates-as-required\" id=\"tresc-kont\" aria-required=\"true\" aria-invalid=\"false\" placeholder=\"Message*\" name=\"your-message\"><\/textarea><\/span>\n<\/p>\n\n<!--<div class='privacy-container'><span class=\"wpcf7-form-control-wrap\" data-name=\"acceptance-307\"><span class=\"wpcf7-form-control wpcf7-acceptance\"><span class=\"wpcf7-list-item\"><input type=\"checkbox\" name=\"acceptance-307\" value=\"1\" id=\"form_1\" aria-invalid=\"false\" \/><\/span><\/span><\/span><label for='form_1'> Yes, I have read the data <a href='https:\/\/produkty.spiroflex.pl\/wp-content\/uploads\/2018\/06\/Polityka-prywatno\u015bci-klauzula-informacyjna.pdf'>privacy statement<\/a> and accept the content. *<\/label><\/div>-->\n<div class=\"rodo\">\n\t<p><span class=\"wpcf7-form-control-wrap\" data-name=\"checkbox-70\"><span class=\"wpcf7-form-control wpcf7-checkbox wpcf7-validates-as-required\"><span class=\"wpcf7-list-item first last\"><input type=\"checkbox\" name=\"checkbox-70[]\" value=\"Sending the form, I agree with processing of my personal data according to the personal data protection act.\" \/><span class=\"wpcf7-list-item-label\">Sending the form, I agree with processing of my personal data according to the personal data protection act.<\/span><\/span><\/span><\/span>\n\t<\/p>\n<\/div>\n<div class=\"rodo\">\n\t<p><span class=\"wpcf7-form-control-wrap\" data-name=\"checkbox-902\"><span class=\"wpcf7-form-control wpcf7-checkbox wpcf7-validates-as-required\"><span class=\"wpcf7-list-item first last\"><input type=\"checkbox\" name=\"checkbox-902[]\" value=\"I have been informed about the right to access and update the data as well as to require cessation of data processing by the administrator - spiroflex.pl\" \/><span class=\"wpcf7-list-item-label\">I have been informed about the right to access and update the data as well as to require cessation of data processing by the administrator - spiroflex.pl<\/span><\/span><\/span><\/span>\n\t<\/p>\n<\/div>\n<div class=\"rodo\">\n\t<p><span class=\"wpcf7-form-control-wrap\" data-name=\"checkbox-581\"><span class=\"wpcf7-form-control wpcf7-checkbox wpcf7-validates-as-required\"><span class=\"wpcf7-list-item first last\"><input type=\"checkbox\" name=\"checkbox-581[]\" value=\"I declare that I have read the privacy policy of spiroflex.pl and I accept its terms.\" \/><span class=\"wpcf7-list-item-label\">I declare that I have read the privacy policy of spiroflex.pl and I accept its terms.<\/span><\/span><\/span><\/span><a href=\"https:\/\/produkty.spiroflex.pl\/wp-content\/uploads\/2018\/06\/Polityka-prywatno\u015bci-klauzula-informacyjna.pdf\" target=\"_blank\">Privacy policy<\/a>\n\t<\/p>\n<\/div>\n<center>\n\t<p><input class=\"wpcf7-form-control wpcf7-submit has-spinner\" type=\"submit\" value=\"Send\" \/>\n\t<\/p>\n<\/center><div class=\"wpcf7-response-output\" aria-hidden=\"true\"><\/div>\n<\/form>\n<\/div>\n[\/vc_column_text][\/vc_column][vc_column width=&#8221;1\/12&#8243;][\/vc_column][\/vc_row][vc_row css_animation=&#8221;&#8221; row_type=&#8221;row&#8221; use_row_as_full_screen_section=&#8221;no&#8221; type=&#8221;full_width&#8221; angled_section=&#8221;no&#8221; text_align=&#8221;left&#8221; background_image_as_pattern=&#8221;without_pattern&#8221; css=&#8221;.vc_custom_1499336819453{margin-bottom: 20px !important;}&#8221;][vc_column][vc_gmaps link=&#8221;#E-8_JTNDaWZyYW1lJTIwc3JjJTNEJTIyaHR0cHMlM0ElMkYlMkZ3d3cuZ29vZ2xlLmNvbSUyRm1hcHMlMkZlbWJlZCUzRnBiJTNEJTIxMW0xOCUyMTFtMTIlMjExbTMlMjExZDEyNzQuMDU3MTE4MzkzNzE2JTIxMmQyMS40NzQzOTk2ODM1NzcxODIlMjEzZDUwLjMwODQ2MDE5NzQzMjAzNCUyMTJtMyUyMTFmMCUyMTJmMCUyMTNmMCUyMTNtMiUyMTFpMTAyNCUyMTJpNzY4JTIxNGYxMy4xJTIxM20zJTIxMW0yJTIxMXMweDQ3M2Q2YWQ5YjUwZTA0MzElMjUzQTB4NzAxN2M5NWE3M2EwNTQyMCUyMTJzU3Bpcm9mbGV4JTJCU3AuJTJCeiUyQm8uby4lMjE1ZTAlMjEzbTIlMjExc3BsJTIxMnN1cyUyMTR2MTQ5OTMzODM0MTI2NCUyMiUyMHdpZHRoJTNEJTIyNjAwJTIyJTIwaGVpZ2h0JTNEJTIyNDUwJTIyJTIwZnJhbWVib3JkZXIlM0QlMjIwJTIyJTIwc3R5bGUlM0QlMjJib3JkZXIlM0EwJTIyJTIwYWxsb3dmdWxsc2NyZWVuJTNFJTNDJTJGaWZyYW1lJTNF&#8221;][\/vc_column][\/vc_row][vc_row css_animation=&#8221;&#8221; row_type=&#8221;row&#8221; use_row_as_full_screen_section=&#8221;no&#8221; type=&#8221;full_width&#8221; angled_section=&#8221;no&#8221; text_align=&#8221;left&#8221; background_image_as_pattern=&#8221;without_pattern&#8221;][vc_column][vc_column_text]<\/p>\n<p>[\/vc_column_text][\/vc_column][\/vc_row]<\/p>\n","protected":false},"excerpt":{"rendered":"<p>[vc_row css_animation=&#8221;&#8221; row_type=&#8221;row&#8221; use_row_as_full_screen_section=&#8221;no&#8221; type=&#8221;full_width&#8221; angled_section=&#8221;no&#8221; text_align=&#8221;left&#8221; background_image_as_pattern=&#8221;without_pattern&#8221; css=&#8221;.vc_custom_1502188172105{background-color: #f6f6f6 !important;}&#8221;][vc_column][vc_empty_space height=&#8221;30px&#8221;][\/vc_column][\/vc_row][vc_row css_animation=&#8221;&#8221; row_type=&#8221;row&#8221; use_row_as_full_screen_section=&#8221;no&#8221; type=&#8221;grid&#8221; angled_section=&#8221;no&#8221; text_align=&#8221;left&#8221; background_image_as_pattern=&#8221;without_pattern&#8221; css=&#8221;.vc_custom_1502188166257{background-color: #f6f6f6 !important;}&#8221;][vc_column width=&#8221;1\/4&#8243;][vc_empty_space height=&#8221;100px&#8221; css=&#8221;.vc_custom_1502451884992{background-color: #f6f6f6 !important;}&#8221;][vc_row_inner row_type=&#8221;row&#8221; type=&#8221;full_width&#8221; text_align=&#8221;left&#8221; css_animation=&#8221;&#8221; css=&#8221;.vc_custom_1502450670013{padding-top: 40px !important;background-color: #ffffff !important;}&#8221;][vc_column_inner][vc_widget_sidebar sidebar_id=&#8221;Menu kontakt2&#8243;][\/vc_column_inner][\/vc_row_inner][vc_empty_space height=&#8221;40px&#8221; css=&#8221;.vc_custom_1502452549500{background-color: #f6f6f6 !important;}&#8221;][\/vc_column][vc_column width=&#8221;3\/4&#8243;][vc_column_text] Technical department&#8230;<\/p>\n","protected":false},"author":2,"featured_media":0,"parent":0,"menu_order":0,"comment_status":"closed","ping_status":"closed","template":"full_width.php","meta":{"inline_featured_image":false,"footnotes":""},"class_list":["post-3339","page","type-page","status-publish","hentry"],"yoast_head":"<!-- This site is optimized with the Yoast SEO plugin v25.9 - https:\/\/yoast.com\/wordpress\/plugins\/seo\/ -->\n<title>Systemy kominowe, nasady, wentylacja - SpiroFlex - Dzia\u0142 techniczny<\/title>\n<meta name=\"description\" content=\"Dzia\u0142 techniczny -- Systemy kominowe, nasady, wentylacja! Pe\u0142na gama produkt\u00f3w do budowy komin\u00f3w oraz wentylacji. Sprawd\u017a nasz\u0105 ofert\u0119! - SpiroFlex\" \/>\n<meta name=\"robots\" content=\"index, follow, max-snippet:-1, max-image-preview:large, max-video-preview:-1\" \/>\n<link rel=\"canonical\" href=\"https:\/\/produkty.spiroflex.pl\/kontakt-dzial-techniczny\/\" \/>\n<meta property=\"og:locale\" content=\"en_US\" \/>\n<meta property=\"og:type\" content=\"article\" \/>\n<meta property=\"og:title\" content=\"Systemy kominowe, nasady, wentylacja - SpiroFlex - Dzia\u0142 techniczny\" \/>\n<meta property=\"og:description\" content=\"Dzia\u0142 techniczny -- Systemy kominowe, nasady, wentylacja! Pe\u0142na gama produkt\u00f3w do budowy komin\u00f3w oraz wentylacji. Sprawd\u017a nasz\u0105 ofert\u0119! - SpiroFlex\" \/>\n<meta property=\"og:url\" content=\"https:\/\/produkty.spiroflex.pl\/kontakt-dzial-techniczny\/\" \/>\n<meta property=\"og:site_name\" content=\"Spiroflex\" \/>\n<meta property=\"article:publisher\" content=\"https:\/\/www.facebook.com\/profile.php?id=100057565594401\" \/>\n<meta property=\"article:modified_time\" content=\"2017-09-07T16:40:56+00:00\" \/>\n<meta name=\"twitter:card\" content=\"summary_large_image\" \/>\n<meta name=\"twitter:label1\" content=\"Est. reading time\" \/>\n\t<meta name=\"twitter:data1\" content=\"2 minutes\" \/>\n<script type=\"application\/ld+json\" class=\"yoast-schema-graph\">{\"@context\":\"https:\/\/schema.org\",\"@graph\":[{\"@type\":\"WebPage\",\"@id\":\"https:\/\/produkty.spiroflex.pl\/kontakt-dzial-techniczny\/\",\"url\":\"https:\/\/produkty.spiroflex.pl\/kontakt-dzial-techniczny\/\",\"name\":\"Systemy kominowe, nasady, wentylacja - SpiroFlex - Dzia\u0142 techniczny\",\"isPartOf\":{\"@id\":\"https:\/\/produkty.spiroflex.pl\/#website\"},\"datePublished\":\"2017-08-08T09:06:36+00:00\",\"dateModified\":\"2017-09-07T16:40:56+00:00\",\"description\":\"Dzia\u0142 techniczny -- Systemy kominowe, nasady, wentylacja! Pe\u0142na gama produkt\u00f3w do budowy komin\u00f3w oraz wentylacji. Sprawd\u017a nasz\u0105 ofert\u0119! - SpiroFlex\",\"breadcrumb\":{\"@id\":\"https:\/\/produkty.spiroflex.pl\/kontakt-dzial-techniczny\/#breadcrumb\"},\"inLanguage\":\"en-US\",\"potentialAction\":[{\"@type\":\"ReadAction\",\"target\":[\"https:\/\/produkty.spiroflex.pl\/kontakt-dzial-techniczny\/\"]}]},{\"@type\":\"BreadcrumbList\",\"@id\":\"https:\/\/produkty.spiroflex.pl\/kontakt-dzial-techniczny\/#breadcrumb\",\"itemListElement\":[{\"@type\":\"ListItem\",\"position\":1,\"name\":\"Strona g\u0142\u00f3wna\",\"item\":\"https:\/\/produkty.spiroflex.pl\/en\/\"},{\"@type\":\"ListItem\",\"position\":2,\"name\":\"Contact technical department\"}]},{\"@type\":\"WebSite\",\"@id\":\"https:\/\/produkty.spiroflex.pl\/#website\",\"url\":\"https:\/\/produkty.spiroflex.pl\/\",\"name\":\"Spiroflex\",\"description\":\"Systemy rekuperacji, systemy kominowe, odwodnienia prysznicowe\",\"publisher\":{\"@id\":\"https:\/\/produkty.spiroflex.pl\/#organization\"},\"potentialAction\":[{\"@type\":\"SearchAction\",\"target\":{\"@type\":\"EntryPoint\",\"urlTemplate\":\"https:\/\/produkty.spiroflex.pl\/?s={search_term_string}\"},\"query-input\":{\"@type\":\"PropertyValueSpecification\",\"valueRequired\":true,\"valueName\":\"search_term_string\"}}],\"inLanguage\":\"en-US\"},{\"@type\":\"Organization\",\"@id\":\"https:\/\/produkty.spiroflex.pl\/#organization\",\"name\":\"Spiroflex Sp. z o.o.\",\"url\":\"https:\/\/produkty.spiroflex.pl\/\",\"logo\":{\"@type\":\"ImageObject\",\"inLanguage\":\"en-US\",\"@id\":\"https:\/\/produkty.spiroflex.pl\/#\/schema\/logo\/image\/\",\"url\":\"https:\/\/produkty.spiroflex.pl\/wp-content\/uploads\/2024\/04\/logo_300dpi.png\",\"contentUrl\":\"https:\/\/produkty.spiroflex.pl\/wp-content\/uploads\/2024\/04\/logo_300dpi.png\",\"width\":5551,\"height\":1436,\"caption\":\"Spiroflex Sp. z o.o.\"},\"image\":{\"@id\":\"https:\/\/produkty.spiroflex.pl\/#\/schema\/logo\/image\/\"},\"sameAs\":[\"https:\/\/www.facebook.com\/profile.php?id=100057565594401\",\"https:\/\/www.instagram.com\/instalacje_dladomu\/\",\"https:\/\/www.linkedin.com\/company\/71853123\/\"]}]}<\/script>\n<!-- \/ Yoast SEO plugin. -->","yoast_head_json":{"title":"Systemy kominowe, nasady, wentylacja - SpiroFlex - Dzia\u0142 techniczny","description":"Dzia\u0142 techniczny -- Systemy kominowe, nasady, wentylacja! Pe\u0142na gama produkt\u00f3w do budowy komin\u00f3w oraz wentylacji. Sprawd\u017a nasz\u0105 ofert\u0119! - SpiroFlex","robots":{"index":"index","follow":"follow","max-snippet":"max-snippet:-1","max-image-preview":"max-image-preview:large","max-video-preview":"max-video-preview:-1"},"canonical":"https:\/\/produkty.spiroflex.pl\/kontakt-dzial-techniczny\/","og_locale":"en_US","og_type":"article","og_title":"Systemy kominowe, nasady, wentylacja - SpiroFlex - Dzia\u0142 techniczny","og_description":"Dzia\u0142 techniczny -- Systemy kominowe, nasady, wentylacja! Pe\u0142na gama produkt\u00f3w do budowy komin\u00f3w oraz wentylacji. Sprawd\u017a nasz\u0105 ofert\u0119! - SpiroFlex","og_url":"https:\/\/produkty.spiroflex.pl\/kontakt-dzial-techniczny\/","og_site_name":"Spiroflex","article_publisher":"https:\/\/www.facebook.com\/profile.php?id=100057565594401","article_modified_time":"2017-09-07T16:40:56+00:00","twitter_card":"summary_large_image","twitter_misc":{"Est. reading time":"2 minutes"},"schema":{"@context":"https:\/\/schema.org","@graph":[{"@type":"WebPage","@id":"https:\/\/produkty.spiroflex.pl\/kontakt-dzial-techniczny\/","url":"https:\/\/produkty.spiroflex.pl\/kontakt-dzial-techniczny\/","name":"Systemy kominowe, nasady, wentylacja - SpiroFlex - Dzia\u0142 techniczny","isPartOf":{"@id":"https:\/\/produkty.spiroflex.pl\/#website"},"datePublished":"2017-08-08T09:06:36+00:00","dateModified":"2017-09-07T16:40:56+00:00","description":"Dzia\u0142 techniczny -- Systemy kominowe, nasady, wentylacja! Pe\u0142na gama produkt\u00f3w do budowy komin\u00f3w oraz wentylacji. Sprawd\u017a nasz\u0105 ofert\u0119! - SpiroFlex","breadcrumb":{"@id":"https:\/\/produkty.spiroflex.pl\/kontakt-dzial-techniczny\/#breadcrumb"},"inLanguage":"en-US","potentialAction":[{"@type":"ReadAction","target":["https:\/\/produkty.spiroflex.pl\/kontakt-dzial-techniczny\/"]}]},{"@type":"BreadcrumbList","@id":"https:\/\/produkty.spiroflex.pl\/kontakt-dzial-techniczny\/#breadcrumb","itemListElement":[{"@type":"ListItem","position":1,"name":"Strona g\u0142\u00f3wna","item":"https:\/\/produkty.spiroflex.pl\/en\/"},{"@type":"ListItem","position":2,"name":"Contact technical department"}]},{"@type":"WebSite","@id":"https:\/\/produkty.spiroflex.pl\/#website","url":"https:\/\/produkty.spiroflex.pl\/","name":"Spiroflex","description":"Systemy rekuperacji, systemy kominowe, odwodnienia prysznicowe","publisher":{"@id":"https:\/\/produkty.spiroflex.pl\/#organization"},"potentialAction":[{"@type":"SearchAction","target":{"@type":"EntryPoint","urlTemplate":"https:\/\/produkty.spiroflex.pl\/?s={search_term_string}"},"query-input":{"@type":"PropertyValueSpecification","valueRequired":true,"valueName":"search_term_string"}}],"inLanguage":"en-US"},{"@type":"Organization","@id":"https:\/\/produkty.spiroflex.pl\/#organization","name":"Spiroflex Sp. z o.o.","url":"https:\/\/produkty.spiroflex.pl\/","logo":{"@type":"ImageObject","inLanguage":"en-US","@id":"https:\/\/produkty.spiroflex.pl\/#\/schema\/logo\/image\/","url":"https:\/\/produkty.spiroflex.pl\/wp-content\/uploads\/2024\/04\/logo_300dpi.png","contentUrl":"https:\/\/produkty.spiroflex.pl\/wp-content\/uploads\/2024\/04\/logo_300dpi.png","width":5551,"height":1436,"caption":"Spiroflex Sp. z o.o."},"image":{"@id":"https:\/\/produkty.spiroflex.pl\/#\/schema\/logo\/image\/"},"sameAs":["https:\/\/www.facebook.com\/profile.php?id=100057565594401","https:\/\/www.instagram.com\/instalacje_dladomu\/","https:\/\/www.linkedin.com\/company\/71853123\/"]}]}},"_links":{"self":[{"href":"https:\/\/produkty.spiroflex.pl\/en\/wp-json\/wp\/v2\/pages\/3339","targetHints":{"allow":["GET"]}}],"collection":[{"href":"https:\/\/produkty.spiroflex.pl\/en\/wp-json\/wp\/v2\/pages"}],"about":[{"href":"https:\/\/produkty.spiroflex.pl\/en\/wp-json\/wp\/v2\/types\/page"}],"author":[{"embeddable":true,"href":"https:\/\/produkty.spiroflex.pl\/en\/wp-json\/wp\/v2\/users\/2"}],"replies":[{"embeddable":true,"href":"https:\/\/produkty.spiroflex.pl\/en\/wp-json\/wp\/v2\/comments?post=3339"}],"version-history":[{"count":0,"href":"https:\/\/produkty.spiroflex.pl\/en\/wp-json\/wp\/v2\/pages\/3339\/revisions"}],"wp:attachment":[{"href":"https:\/\/produkty.spiroflex.pl\/en\/wp-json\/wp\/v2\/media?parent=3339"}],"curies":[{"name":"wp","href":"https:\/\/api.w.org\/{rel}","templated":true}]}}